{"id":862,"date":"2025-02-21T10:36:48","date_gmt":"2025-02-21T10:36:48","guid":{"rendered":"https:\/\/compslight.ipb.ac.rs\/?page_id=862"},"modified":"2026-03-05T09:19:15","modified_gmt":"2026-03-05T09:19:15","slug":"dr-dragana-jovic-savic","status":"publish","type":"page","link":"https:\/\/compslight.ipb.ac.rs\/index.php\/dr-dragana-jovic-savic\/","title":{"rendered":"Dr. Dragana Jovi\u0107 Savi\u0107"},"content":{"rendered":"\n<figure class=\"wp-block-image size-medium\" id=\"block-8e1d931b-1c91-4987-974c-1409d51463d9\"><img loading=\"lazy\" decoding=\"async\" width=\"224\" height=\"300\" src=\"https:\/\/compslight.ipb.ac.rs\/wp-content\/uploads\/2026\/03\/viber_image_2026-03-05_10-11-33-889-224x300.jpg\" alt=\"\" class=\"wp-image-952\" srcset=\"https:\/\/compslight.ipb.ac.rs\/wp-content\/uploads\/2026\/03\/viber_image_2026-03-05_10-11-33-889-224x300.jpg 224w, https:\/\/compslight.ipb.ac.rs\/wp-content\/uploads\/2026\/03\/viber_image_2026-03-05_10-11-33-889.jpg 596w\" sizes=\"auto, (max-width: 224px) 100vw, 224px\" \/><\/figure>\n\n\n\n<p id=\"block-2794016c-cace-49c8-93ed-e0725c34e4e6\"><strong>Institute of Physics<br>Photonics Center<br>Pregrevica 118, 11080 Belgrade, Serbia<br>email: jovic@ipb.ac.rs<br>room : 368<\/strong><\/p>\n\n\n\n<p id=\"block-47a570b8-cc83-472f-8aad-58ef599ab45b\"><strong><mark style=\"background-color:rgba(0, 0, 0, 0)\" class=\"has-inline-color has-blue-color\">EDUCATION<\/mark><\/strong><br>2006 Ph.D. in Physics, Faculty of Physics, University of Belgrade, Serbia (Adviser: M. Beli\u0107)<br>Thesis: Dynamics of counterpropagating optical beams in photorefractive crystals<br>2004 M. Sc. in Physics, Faculty of Physics, University of Belgrade, Serbia<br>Thesis: Counterpropagating spatial solitons in photorefractive crystals<br>2000 B. Sc. in Physics, Faculty of Science, University of Kragujevac, Serbia<br>Thesis: Simon\u2019s quantum algorithm<br>1996 H.S. Diploma, School of Mathematics and Physics, Kragujevac<\/p>\n\n\n\n<p id=\"block-9f6facba-5eac-41fc-a9d9-ecc66d23ada0\"><strong><mark style=\"background-color:rgba(0, 0, 0, 0)\" class=\"has-inline-color has-blue-color\">POSITIONS HELD<\/mark><\/strong><br>2015-present Research Professor, Photonics Center, Institute of Physics Belgrade, Serbia<br>2010-2015 Associate Research Professor, Center of Theoretical Physics, Institute of Physics Belgrade, Serbia<br>2007-2010 Assistant Research Professor, Center of Theoretical Physics, Institute of Physics Belgrade, Serbia<br>2004-2007 Research Assistant, Center of Theoretical Physics, Institute of Physics Belgrade, Serbia<\/p>\n\n\n\n<p id=\"block-6f39c471-cdcf-4f67-a7e9-89ed9f322ae5\"><strong><mark style=\"background-color:rgba(0, 0, 0, 0)\" class=\"has-inline-color has-blue-color\">VISITING POSITIONS<\/mark><\/strong><br>2008-2011 Visiting Researcher Postdoctoral position, Texas A&amp;M University, Doha, Qatar<br>2004-2005 Optique Nonlineaire, Theorique, Universite Paris Sud<\/p>\n\n\n\n<p id=\"block-6357471b-9c23-4e5a-b418-f40f44fd36ec\"><strong><mark style=\"background-color:rgba(0, 0, 0, 0)\" class=\"has-inline-color has-blue-color\">FELLOWSHIPS<\/mark><\/strong><br>2011-2012 Humboldt Fellow, Institute for Applied Physics, Westf\u00e4lische Wilhelms-Universit\u00e4t M\u00fcnster, Germany<\/p>\n\n\n\n<p id=\"block-c15b1820-15b5-4f08-a2cf-0098e3ad0239\"><strong><mark style=\"background-color:rgba(0, 0, 0, 0)\" class=\"has-inline-color has-blue-color\">RESEARCH INTERESTS<\/mark><\/strong><br>-Nonlinear photonics: surface waves, Anderson localization.<br>-Nonlinear optics: spatial solitons, optical patterns.<br>-Nonlinear dynamics: instabilities and chaos, transverse patterns.<br>-Photonic crystals: optoelectronics, photonic crystal fibers.<br>-Liquid crystals: spatiotemporal instabilities in nematic solitons.<br>-Solid state physics: photorefractive materials, effects and devices, band structure of solids and photonic crystals, laser-crystal interactions.<br>-Computational physics: computational nonlinear optics, dynamics of laser-crystal interactions. PDE algorithms, spectral beam propagation methods.<\/p>\n\n\n\n<p id=\"block-af6753f5-f2d9-449f-aa79-1029a3530b40\"><strong><mark style=\"background-color:rgba(0, 0, 0, 0)\" class=\"has-inline-color has-blue-color\">MAJOR RESEARCH ACCOMPLISHMENTS<\/mark><\/strong><\/p>\n\n\n\n<ul id=\"block-d0324fd9-a9e7-460f-9729-e9f35f4d2b4e\" class=\"wp-block-list\">\n<li>Wave propagation in optically induced photonic lattices.<\/li>\n\n\n\n<li>Counterpropagating vector solitons and waveguides in saturable media.<\/li>\n\n\n\n<li>Development of the split-step beam propagation method, and its application to a number of interesting problems.<br>-Introduction of dynamical counterpropagating vector solitons and waveguides in saturable media,<br>-Introduction of dynamical counterpropagating waveguides in optically induced photonic lattices,<br>-Demonstration of angular momentum transfer and non-conservation of angular momentum in photonic lattices.<\/li>\n<\/ul>\n\n\n\n<p id=\"block-30a4c606-2c66-49ac-b33a-c9ed296d1c30\"><strong><mark style=\"background-color:rgba(0, 0, 0, 0)\" class=\"has-inline-color has-blue-color\">RESEARCH PROJECTS<\/mark><\/strong><\/p>\n\n\n\n<ul id=\"block-da145f95-f39e-4035-b3a8-a044c20fa216\" class=\"wp-block-list\">\n<li>2022-2024 Project leader, The Science Fund of the Republic of Serbia, Program-IDEAS \u201cControl and manipulation of light in complex photonic systems\u201d.<\/li>\n\n\n\n<li>2016-2017 Project leader, DAAD Project, Serbian-German Program \u201cControl of light by deterministic aperiodic and complex photonic lattices\u201d<\/li>\n\n\n\n<li>2012-2013 Project leader, Humboldt Return Fellowship project, \u201cLight propagation and localization in advanced photonic systems\u201d (Alexander von Humboldt Foundation, Germany)<\/li>\n\n\n\n<li>2013-2014 Project leader, DAAD Project, Serbian-German Program \u201cLight propagation and light localization in complex photonic lattice systems\u201d<\/li>\n\n\n\n<li>2011-2019 Project leader, \u201cNonlinear photonics of inhomogeneous media and surfaces\u201d, (Ministry of Science and Technological Development, Serbia)<\/li>\n\n\n\n<li>2011-2012 Project leader, Humboldt fellow project, \u201cAnderson localization and surface solitons in optically induced photonic lattices\u201d (Alexander von Humboldt Foundation, Germany)<\/li>\n\n\n\n<li>2010-2013 \u201cLight bullets, fractional vortices, nonlocal solitons and surface waves for all-optical information transmission in photonic crystals, optical lattices, dispersion-managed systems, and distributed fibers,\u201d Project NPRP 09-462-1-074 Texas A&amp;M University, Doha, Qatar, QNRF Qatar<\/li>\n\n\n\n<li>2008-2010 \u201cNonlinear Photonics for All-optical Telecommunication and Information Technologies\u201d, QNRF National Priorities Research Program, Project NPRP 25-6-7-2, Texas A&amp;M University, Doha, Qatar, QNRF Qatar<\/li>\n\n\n\n<li>2006-2010 \u201cNonlinear dynamical phenomena in photorefractive media, liquid crystals, plasmas and left-handed materials\u201d (Ministry of Science and Environmental Protection, Serbia)<\/li>\n\n\n\n<li>2003-2005 \u201cSpatial solitons, vortices, and self-organized structures in photorefractive crystals, fusion plasma and ionosphere\u201d (Ministry of Science, Technologies, and Development, Serbia)<\/li>\n<\/ul>\n","protected":false},"excerpt":{"rendered":"<p>Institute of PhysicsPhotonics CenterPregrevica 118, 11080 Belgrade, Serbiaemail: jovic@ipb.ac.rsroom : 368 EDUCATION2006 Ph.D. in Physics, Faculty of Physics, University of Belgrade, Serbia (Adviser: M. Beli\u0107)Thesis: Dynamics of counterpropagating optical beams in photorefractive crystals2004 M. Sc. in Physics, Faculty of Physics, &hellip; <a href=\"https:\/\/compslight.ipb.ac.rs\/index.php\/dr-dragana-jovic-savic\/\">Continue reading <span class=\"meta-nav\">&rarr;<\/span><\/a><\/p>\n","protected":false},"author":2,"featured_media":0,"parent":0,"menu_order":0,"comment_status":"closed","ping_status":"closed","template":"","meta":{"footnotes":""},"class_list":["post-862","page","type-page","status-publish","hentry"],"_links":{"self":[{"href":"https:\/\/compslight.ipb.ac.rs\/index.php\/wp-json\/wp\/v2\/pages\/862","targetHints":{"allow":["GET"]}}],"collection":[{"href":"https:\/\/compslight.ipb.ac.rs\/index.php\/wp-json\/wp\/v2\/pages"}],"about":[{"href":"https:\/\/compslight.ipb.ac.rs\/index.php\/wp-json\/wp\/v2\/types\/page"}],"author":[{"embeddable":true,"href":"https:\/\/compslight.ipb.ac.rs\/index.php\/wp-json\/wp\/v2\/users\/2"}],"replies":[{"embeddable":true,"href":"https:\/\/compslight.ipb.ac.rs\/index.php\/wp-json\/wp\/v2\/comments?post=862"}],"version-history":[{"count":3,"href":"https:\/\/compslight.ipb.ac.rs\/index.php\/wp-json\/wp\/v2\/pages\/862\/revisions"}],"predecessor-version":[{"id":953,"href":"https:\/\/compslight.ipb.ac.rs\/index.php\/wp-json\/wp\/v2\/pages\/862\/revisions\/953"}],"wp:attachment":[{"href":"https:\/\/compslight.ipb.ac.rs\/index.php\/wp-json\/wp\/v2\/media?parent=862"}],"curies":[{"name":"wp","href":"https:\/\/api.w.org\/{rel}","templated":true}]}}