{"id":858,"date":"2025-02-21T10:39:28","date_gmt":"2025-02-21T10:39:28","guid":{"rendered":"https:\/\/compslight.ipb.ac.rs\/?page_id=858"},"modified":"2026-03-05T09:24:13","modified_gmt":"2026-03-05T09:24:13","slug":"dr-jadranka-vasiljevic","status":"publish","type":"page","link":"https:\/\/compslight.ipb.ac.rs\/index.php\/dr-jadranka-vasiljevic\/","title":{"rendered":"Dr. Jadranka Vasiljevi\u0107"},"content":{"rendered":"\n<figure class=\"wp-block-image\" id=\"block-252351c0-b733-485b-8a29-e88dc58661f6\"><img decoding=\"async\" src=\"https:\/\/compslight.ipb.ac.rs\/wp-content\/uploads\/2022\/06\/Jadranka_Vasiljevic-225x300.jpg\" alt=\"This image has an empty alt attribute; its file name is Jadranka_Vasiljevic-225x300.jpg\"\/><\/figure>\n\n\n\n<p id=\"block-565577a6-4a94-414f-b75e-4161fe475aa7\"><strong>Institute of Physics<br>Photonics Center<br>Pregrevica 118, 11080 Belgrade, Serbia<br>email: jadranka@ipb.ac.rs<br>phone: +381-11-3713-288<br>room: 200<\/strong><\/p>\n\n\n\n<p id=\"block-7db2344d-f3c6-4d07-8411-e6f96390199f\"><strong><mark style=\"background-color:rgba(0, 0, 0, 0)\" class=\"has-inline-color has-blue-color\">WORK INFORMATION<\/mark><\/strong><\/p>\n\n\n\n<p id=\"block-bf1a9446-a3c3-4dde-bde7-18dbebb19a2c\">2017-present Employed at the Institute of Physics Belgrade, Serbia<\/p>\n\n\n\n<p id=\"block-5685f980-d888-45ab-ac47-74177744cd77\"><strong><mark style=\"background-color:rgba(0, 0, 0, 0)\" class=\"has-inline-color has-blue-color\">PROFESSIONAL POSITION<\/mark><\/strong><\/p>\n\n\n\n<p id=\"block-eebf268a-6c5c-4172-b475-c3d2113f9997\">Research Assistant Professor<\/p>\n\n\n\n<p id=\"block-92e8c903-adcb-4221-925b-fb5a4a14684c\"><strong><mark style=\"background-color:rgba(0, 0, 0, 0)\" class=\"has-inline-color has-blue-color\">RESEARCH FIELD<\/mark><\/strong><\/p>\n\n\n\n<p id=\"block-ddec8705-e1d9-4d8b-ace3-9a67d8a1c369\">Nonlinear photonics<\/p>\n\n\n\n<p id=\"block-e6accf35-3de5-4628-87a6-2675abe2c0d1\"><strong><mark style=\"background-color:rgba(0, 0, 0, 0)\" class=\"has-inline-color has-blue-color\">RESEARCH INTERESTS<\/mark><\/strong><\/p>\n\n\n\n<p id=\"block-836caf3f-b072-4b2f-a81f-698533cdb362\">Nondiffracting beams (Mathieu, Bessel, and Parabolic) and realization of aperiodic photonic structures with them by optical induction technique in a photorefractive crystal, strontium barium niobate. Investigation of phenomena of nonlinear propagation of Mathieu beams in the crystal, strontium barium niobate. Research on light propagation and localization in the Mathieu photonic lattices.<\/p>\n\n\n\n<p id=\"block-9fef1771-ddcc-48eb-b446-1106e7776fc7\"><strong><mark style=\"background-color:rgba(0, 0, 0, 0)\" class=\"has-inline-color has-blue-color\">EDUCATION<\/mark><\/strong><\/p>\n\n\n\n<p id=\"block-323b1e38-f295-4f42-9b9e-4c89ae2c3be9\"><strong><em>2014-2020<\/em><\/strong>&nbsp;Ph.D. in physics (quantum optics and lasers)<\/p>\n\n\n\n<p id=\"block-049748a3-6204-4854-afc5-d3a733682e90\">Thesis defended 30.9.2020. at the Faculty of Physics, University of Belgrade.<\/p>\n\n\n\n<p id=\"block-2ba31895-8e78-4f24-856f-dce65b4d4625\"><strong>Thesis:<em>&nbsp;\u201cPropagation, localization and control of light in Mathieu lattices\u201d.<\/em><\/strong><\/p>\n\n\n\n<p id=\"block-7e5b86d1-91f3-4e99-90a4-a05108b2c636\"><strong>Thesis advisers:&nbsp;<\/strong>Dr. Dragana Jovi\u0107 Savi\u0107, Dr. Dejan Timotijevi\u0107.<\/p>\n\n\n\n<p id=\"block-108c757e-81f6-450b-86cf-c36c0cea3079\">2013-2014\u00a0Master&#8217;s studies in physics<\/p>\n\n\n\n<p id=\"block-66d8dba9-e604-4845-9444-fed4e431c2c4\"><strong>Master&#8217;s thesis:<\/strong><em>\u00a0\u201cPropagation and localization of light in quasiperiodic photon lattices\u201d,<\/em>\u00a0defended on October 1, 2014, at the Faculty of Science, University of Kragujevac.<\/p>\n\n\n\n<p id=\"block-51d0fc45-f881-419c-99e4-5a85eecf4d6c\"><strong><em>2009-2014<\/em><\/strong>\u00a0Undergraduate Studies of physics at the Faculty of Science, University of Kragujevac.<\/p>\n","protected":false},"excerpt":{"rendered":"<p>Institute of PhysicsPhotonics CenterPregrevica 118, 11080 Belgrade, Serbiaemail: jadranka@ipb.ac.rsphone: +381-11-3713-288room: 200 WORK INFORMATION 2017-present Employed at the Institute of Physics Belgrade, Serbia PROFESSIONAL POSITION Research Assistant Professor RESEARCH FIELD Nonlinear photonics RESEARCH INTERESTS Nondiffracting beams (Mathieu, Bessel, and Parabolic) and &hellip; <a href=\"https:\/\/compslight.ipb.ac.rs\/index.php\/dr-jadranka-vasiljevic\/\">Continue reading <span class=\"meta-nav\">&rarr;<\/span><\/a><\/p>\n","protected":false},"author":2,"featured_media":0,"parent":0,"menu_order":0,"comment_status":"closed","ping_status":"closed","template":"","meta":{"footnotes":""},"class_list":["post-858","page","type-page","status-publish","hentry"],"_links":{"self":[{"href":"https:\/\/compslight.ipb.ac.rs\/index.php\/wp-json\/wp\/v2\/pages\/858","targetHints":{"allow":["GET"]}}],"collection":[{"href":"https:\/\/compslight.ipb.ac.rs\/index.php\/wp-json\/wp\/v2\/pages"}],"about":[{"href":"https:\/\/compslight.ipb.ac.rs\/index.php\/wp-json\/wp\/v2\/types\/page"}],"author":[{"embeddable":true,"href":"https:\/\/compslight.ipb.ac.rs\/index.php\/wp-json\/wp\/v2\/users\/2"}],"replies":[{"embeddable":true,"href":"https:\/\/compslight.ipb.ac.rs\/index.php\/wp-json\/wp\/v2\/comments?post=858"}],"version-history":[{"count":3,"href":"https:\/\/compslight.ipb.ac.rs\/index.php\/wp-json\/wp\/v2\/pages\/858\/revisions"}],"predecessor-version":[{"id":956,"href":"https:\/\/compslight.ipb.ac.rs\/index.php\/wp-json\/wp\/v2\/pages\/858\/revisions\/956"}],"wp:attachment":[{"href":"https:\/\/compslight.ipb.ac.rs\/index.php\/wp-json\/wp\/v2\/media?parent=858"}],"curies":[{"name":"wp","href":"https:\/\/api.w.org\/{rel}","templated":true}]}}