{"id":153,"date":"2022-03-25T11:00:25","date_gmt":"2022-03-25T11:00:25","guid":{"rendered":"http:\/\/compslight.ipb.ac.rs\/?page_id=153"},"modified":"2026-02-27T20:14:36","modified_gmt":"2026-02-27T20:14:36","slug":"publications","status":"publish","type":"page","link":"https:\/\/compslight.ipb.ac.rs\/index.php\/publications\/","title":{"rendered":"PUBLICATIONS"},"content":{"rendered":"\n<ul class=\"wp-block-list\">\n<li>Jadranka M. Vasiljevi\u0107, Miroslav Petroski, Dejan V. Timotijevi\u0107, and Dragana M. Jovi\u0107 Savi\u0107, <a href=\"https:\/\/pubs.acs.org\/doi\/10.1021\/acsaom.5c00466\" target=\"_blank\" rel=\"noreferrer noopener\"><strong><em><mark style=\"background-color:rgba(0, 0, 0, 0)\" class=\"has-inline-color has-blue-color\">&#8220;Surface-Distributed Twisted Beams Nonlinearly Induced by Nondiffracting Beams&#8221;<\/mark>,<\/em><\/strong><\/a> <strong><strong>ACS Applied Optical Material<\/strong>s<\/strong> <strong>4(2)<\/strong>, 352 (2026).<\/li>\n<\/ul>\n\n\n\n<p> <\/p>\n\n\n\n<ul class=\"wp-block-list\">\n<li>Dejan V. Timotijevi\u0107, Aleksandra \u017d. Piper, Jadranka M. Vasiljevi\u0107, Damir V. Miti\u0107, and Dragana M. Jovi\u0107 Savi\u0107, <a href=\"https:\/\/www.sciencedirect.com\/science\/article\/pii\/S0960077926000834?via%3Dihub\" target=\"_blank\" rel=\"noreferrer noopener\"><strong><em><mark style=\"background-color:rgba(0, 0, 0, 0)\" class=\"has-inline-color has-blue-color\">&#8220;Head-on nonlinear excitation of tilted linear modes in photorefractive medium&#8221;<\/mark><\/em><\/strong><\/a>, <strong>Chaos, Solitons &amp; Fractals 207<\/strong>, 117942 (2026).<\/li>\n<\/ul>\n\n\n\n<p> <\/p>\n\n\n\n<ul class=\"wp-block-list\">\n<li>Miroslav M. Petroski, Dejan V. Timotijevi\u0107, Dragana M. Jovi\u0107 Savi\u0107, and Jadranka M. Vasiljevi\u0107, <em><strong><a href=\"https:\/\/www.sciencedirect.com\/science\/article\/pii\/S096007792501447X\" target=\"_blank\" rel=\"noreferrer noopener\"><mark style=\"background-color:rgba(0, 0, 0, 0)\" class=\"has-inline-color has-blue-color\">&#8220;Head-on excitation of tilted solitons by fragmented Bessel beams&#8221;<\/mark><\/a><\/strong><\/em>, <strong>Chaos, Solitons &amp; Fractals 202(1)<\/strong>, 117434, (2026). The open dataset for this publication is available over Zenodo: <a href=\"https:\/\/doi.org\/10.5281\/zenodo.17464060\" target=\"_blank\" rel=\"noreferrer noopener\">10.5281\/zenodo.17464060<\/a><\/li>\n<\/ul>\n\n\n\n<p><\/p>\n\n\n\n<ul class=\"wp-block-list\">\n<li>Damir V. Miti\u0107, Jadranka M. Vasiljevi\u0107, Dejan V. Timotijevi\u0107, Dragana M. Jovi\u0107 Savi\u0107, <em><a href=\"https:\/\/www.sciencedirect.com\/science\/article\/pii\/S0925346724015179?via%3Dihub#coi1\" target=\"_blank\" rel=\"noreferrer noopener\">&#8220;<strong><em><mark style=\"background-color:rgba(0, 0, 0, 0);color:#00ab31\" class=\"has-inline-color\"><\/mark><\/em><\/strong><\/a><strong><em><a href=\"https:\/\/www.sciencedirect.com\/science\/article\/pii\/S0925346725006093?dgcid=coauthor\" data-type=\"link\" data-id=\"https:\/\/www.sciencedirect.com\/science\/article\/pii\/S0925346725006093?dgcid=coauthor\" target=\"_blank\" rel=\"noreferrer noopener\">Self-induced parabolic surface states<\/a><\/em><\/strong>&#8220;<\/em>,<strong> Optical Materials<\/strong> <strong>167<\/strong>, 117249 (2025). <a href=\"https:\/\/doi.org\/10.1016\/j.optmat.2025.117249\">https:\/\/doi.org\/10.1016\/j.optmat.2025.117249<\/a> The open dataset for this publication is available over Zenodo: <a href=\"https:\/\/doi.org\/10.5281\/zenodo.17464300\" target=\"_blank\" rel=\"noreferrer noopener\">10.5281\/zenodo.17464300<\/a><\/li>\n<\/ul>\n\n\n\n<p><\/p>\n\n\n\n<ul class=\"wp-block-list\">\n<li>Aleksandar \u017d. Tomovi\u0107, Isidora J. Vlaovi\u0107 Miti\u0107, Vladimir P. Jovanovi\u0107, Dejan V. Timotijevi\u0107, Dragana M. Jovi\u0107 Savi\u0107, <em><a href=\"https:\/\/www.sciencedirect.com\/science\/article\/pii\/S0925346724015179?via%3Dihub#coi1\" target=\"_blank\" rel=\"noreferrer noopener\">&#8220;Assembling of truncated deterministic aperiodic lattices with defects using Weber beams&#8221;<\/a><\/em>, <strong>Optical Materials<\/strong> <strong>157(2)<\/strong>, 116334 (2024). <a href=\"https:\/\/doi.org\/10.1016\/j.optmat.2024.116334\" target=\"_blank\" rel=\"noreferrer noopener\">https:\/\/doi.org\/10.1016\/j.optmat.2024.116334<\/a> The open dataset for this publication is available over Zenodo: <a href=\"https:\/\/doi.org\/10.5281\/zenodo.14717848\" target=\"_blank\" rel=\"noreferrer noopener\">10.5281\/zenodo.14717848<\/a>.<\/li>\n<\/ul>\n\n\n\n<p><\/p>\n\n\n\n<ul class=\"wp-block-list\">\n<li>Jadranka M. Vasiljevi\u0107,&nbsp;Vladimir P. Jovanovi\u0107,&nbsp;Aleksandar \u017d. Tomovi\u0107,&nbsp;Dejan V. Timotijevi\u0107,&nbsp;Radomir \u017dikic,&nbsp;Milivoj R. Beli\u0107,&nbsp;Dragana M. Jovi\u0107 Savi\u0107, <em>&#8220;<a href=\"https:\/\/www.spiedigitallibrary.org\/conference-proceedings-of-spie\/13004\/130040J\/Dimensionality-crossover-of-radial-discrete-diffraction-in-optically-induced-Mathieu\/10.1117\/12.3017229.full#_=_\" target=\"_blank\" rel=\"noreferrer noopener\">Dimensionality crossover of radial discrete diffraction in optically induced Mathieu photonic lattices<\/a>&#8220;<\/em>, Proc. SPIE 13004, Nonlinear Optics and its Applications 2024;&nbsp;130040J (June 2024); <a href=\"https:\/\/doi.org\/10.1117\/12.3017229\" target=\"_blank\" rel=\"noreferrer noopener\">https:\/\/doi.org\/10.1117\/12.3017229<\/a>                                                                                                                                                                                              <\/li>\n<\/ul>\n\n\n\n<p> <\/p>\n\n\n\n<ul class=\"wp-block-list\">\n<li>Jadranka M. Vasiljevi\u0107, Vladimir P. Jovanovi\u0107, Aleksandar \u017d. Tomovi\u0107, Dejan V. Timotijevi\u0107, Radomir \u017dikic, Milivoj R. Beli\u0107, and Dragana M. Jovi\u0107 Savi\u0107,<a href=\"https:\/\/opg.optica.org\/oe\/fulltext.cfm?uri=oe-31-18-28946&amp;id=536506\" target=\"_blank\" rel=\"noreferrer noopener\"> <\/a><em><strong><a href=\"https:\/\/opg.optica.org\/oe\/fulltext.cfm?uri=oe-31-18-28946&amp;id=536506\" target=\"_blank\" rel=\"noreferrer noopener\">&#8220;Interdimensional radial discrete diffraction in Mathieu photonic lattices&#8221;<\/a>,<\/strong><\/em> <strong>Optics Express 31<\/strong> (18), 28946 (2023); <a href=\"https:\/\/doi.org\/10.1364\/OE.497795\">https:\/\/doi.org\/10.1364\/OE.497795<\/a> The open dataset for this publication is available over Zenodo: <a href=\"https:\/\/doi.org\/10.5281\/zenodo.8421130\" target=\"_blank\" rel=\"noreferrer noopener\">10.5281\/zenodo.8421130<\/a>.<\/li>\n<\/ul>\n\n\n\n<p><\/p>\n\n\n\n<ul class=\"wp-block-list\">\n<li>Jadranka M. Vasiljevi\u0107,\u00a0Dejan V. Timotijevi\u0107,\u00a0and\u00a0Dragana M. Jovi\u0107 Savi\u0107<em><a href=\"https:\/\/www.epj-conferences.org\/articles\/epjconf\/abs\/2022\/10\/epjconf_eosam2022_08015\/epjconf_eosam2022_08015.html\" target=\"_blank\" rel=\"noreferrer noopener\">, &#8220;Light propagation in disordered aperiodic Mathieu photonic lattices&#8221;<\/a><\/em>, <a href=\"https:\/\/www.researchgate.net\/journal\/The-European-Physical-Journal-Conferences-2100-014X\" target=\"_blank\" rel=\"noreferrer noopener\">Th<\/a><a href=\"https:\/\/www.researchgate.net\/journal\/The-European-Physical-Journal-Conferences-2100-014X\">e European Physical Journal Conferences<\/a> (2022); DOI:<a href=\"http:\/\/dx.doi.org\/10.1051\/epjconf\/202226608015\" target=\"_blank\" rel=\"noreferrer noopener\">10.1051\/epjconf\/202226608015<\/a>.<\/li>\n<\/ul>\n\n\n\n<p> <\/p>\n\n\n\n<ul style=\"font-size:17px\" class=\"wp-block-list\">\n<li>Jadranka M. Vasiljevi\u0107<mark style=\"background-color:rgba(0, 0, 0, 0)\" class=\"has-inline-color has-black-color\">,\u00a0<\/mark>Dejan V. Timotijevi\u0107,\u00a0and\u00a0Dragana M. Jovi\u0107 Savi\u0107<em>, <a href=\"https:\/\/www.spiedigitallibrary.org\/conference-proceedings-of-spie\/12143\/2621228\/Light-propagation-in-disordered-aperiodic-Mathieu-lattices-generated-with-two\/10.1117\/12.2621228.full\" target=\"_blank\" rel=\"noreferrer noopener\">&#8220;Light propagation in disordered aperiodic Mathieu lattices generated with two different randomization methods<\/a><\/em>&#8220;, Proc. SPIE 12143, Nonlinear Optics and its Applications 2022, 121430A (25 May 2022);\u00a0<a href=\"https:\/\/doi.org\/10.1117\/12.2621228\" target=\"_blank\" rel=\"noreferrer noopener\">https:\/\/doi.org\/10.1117\/12.2621228<\/a>.<\/li>\n<\/ul>\n\n\n\n<p><\/p>\n","protected":false},"excerpt":{"rendered":"","protected":false},"author":2,"featured_media":0,"parent":0,"menu_order":0,"comment_status":"closed","ping_status":"closed","template":"","meta":{"footnotes":""},"class_list":["post-153","page","type-page","status-publish","hentry"],"_links":{"self":[{"href":"https:\/\/compslight.ipb.ac.rs\/index.php\/wp-json\/wp\/v2\/pages\/153","targetHints":{"allow":["GET"]}}],"collection":[{"href":"https:\/\/compslight.ipb.ac.rs\/index.php\/wp-json\/wp\/v2\/pages"}],"about":[{"href":"https:\/\/compslight.ipb.ac.rs\/index.php\/wp-json\/wp\/v2\/types\/page"}],"author":[{"embeddable":true,"href":"https:\/\/compslight.ipb.ac.rs\/index.php\/wp-json\/wp\/v2\/users\/2"}],"replies":[{"embeddable":true,"href":"https:\/\/compslight.ipb.ac.rs\/index.php\/wp-json\/wp\/v2\/comments?post=153"}],"version-history":[{"count":31,"href":"https:\/\/compslight.ipb.ac.rs\/index.php\/wp-json\/wp\/v2\/pages\/153\/revisions"}],"predecessor-version":[{"id":943,"href":"https:\/\/compslight.ipb.ac.rs\/index.php\/wp-json\/wp\/v2\/pages\/153\/revisions\/943"}],"wp:attachment":[{"href":"https:\/\/compslight.ipb.ac.rs\/index.php\/wp-json\/wp\/v2\/media?parent=153"}],"curies":[{"name":"wp","href":"https:\/\/api.w.org\/{rel}","templated":true}]}}